{"id":26,"date":"2020-02-10T13:14:40","date_gmt":"2020-02-10T12:14:40","guid":{"rendered":"http:\/\/ephele.com\/?page_id=26"},"modified":"2024-02-16T14:51:41","modified_gmt":"2024-02-16T13:51:41","slug":"accueil","status":"publish","type":"page","link":"https:\/\/ephele.com\/","title":{"rendered":"A propos d&rsquo;Eph\u00e8le"},"content":{"rendered":"\n<p>\u00ab Au plus pr\u00e8s des \u00e9toiles\u2026 \u00bb<\/p>\n\n\n\n<p>En 2019, Eph\u00e8le est n\u00e9e d\u2019une qu\u00eate : vivre un s\u00e9jour insolite et \u00e9co-responsable \u2026 sans sacrifier le confort !<\/p>\n\n\n\n<p>N\u2019ayant pas trouv\u00e9 l\u2019offre sur le march\u00e9, l\u2019id\u00e9e a \u00e9merg\u00e9 de cr\u00e9er une marque qui, face aux enjeux actuels du d\u00e9veloppement durable, offre une nouvelle proposition touristique \u00e0 l\u2019intention d\u2019une client\u00e8le en qu\u00eate de sens et d\u2019\u00e9vasion.<\/p>\n\n\n\n<p>La raison d\u2019\u00eatre du projet Eph\u00e8le ? Proposer une parenth\u00e8se de d\u00e9connexion pour se ressourcer et se reconnecter \u00e0 soi et mettre en \u00e9veil ses 5 sens\u2026<\/p>\n\n\n\n<p>Avec l\u2019exp\u00e9rience inoubliable de dormir sous une verri\u00e8re z\u00e9nithale : au plus pr\u00e8s des \u00e9toiles !<\/p>\n","protected":false},"excerpt":{"rendered":"<p>\u00ab Au plus pr\u00e8s des \u00e9toiles\u2026 \u00bb En 2019, Eph\u00e8le est n\u00e9e d\u2019une qu\u00eate : vivre un s\u00e9jour insolite et \u00e9co-responsable \u2026 sans sacrifier le confort ! N\u2019ayant pas trouv\u00e9 l\u2019offre sur le march\u00e9, l\u2019id\u00e9e a \u00e9merg\u00e9 de cr\u00e9er une marque qui, face aux enjeux actuels du d\u00e9veloppement durable, offre une nouvelle proposition touristique \u00e0 &hellip; <\/p>\n<p class=\"link-more\"><a href=\"https:\/\/ephele.com\/\" class=\"more-link\">Lire la suite de<span class=\"screen-reader-text\">\u00ab\u00a0A propos d&rsquo;Eph\u00e8le\u00a0\u00bb<\/span><\/a><\/p>\n","protected":false},"author":1,"featured_media":0,"parent":0,"menu_order":0,"comment_status":"closed","ping_status":"closed","template":"","meta":{"footnotes":""},"class_list":["post-26","page","type-page","status-publish","hentry"],"_links":{"self":[{"href":"https:\/\/ephele.com\/index.php\/wp-json\/wp\/v2\/pages\/26","targetHints":{"allow":["GET"]}}],"collection":[{"href":"https:\/\/ephele.com\/index.php\/wp-json\/wp\/v2\/pages"}],"about":[{"href":"https:\/\/ephele.com\/index.php\/wp-json\/wp\/v2\/types\/page"}],"author":[{"embeddable":true,"href":"https:\/\/ephele.com\/index.php\/wp-json\/wp\/v2\/users\/1"}],"replies":[{"embeddable":true,"href":"https:\/\/ephele.com\/index.php\/wp-json\/wp\/v2\/comments?post=26"}],"version-history":[{"count":6,"href":"https:\/\/ephele.com\/index.php\/wp-json\/wp\/v2\/pages\/26\/revisions"}],"predecessor-version":[{"id":94,"href":"https:\/\/ephele.com\/index.php\/wp-json\/wp\/v2\/pages\/26\/revisions\/94"}],"wp:attachment":[{"href":"https:\/\/ephele.com\/index.php\/wp-json\/wp\/v2\/media?parent=26"}],"curies":[{"name":"wp","href":"https:\/\/api.w.org\/{rel}","templated":true}]}}